{"id":59357,"date":"2025-05-23T23:48:25","date_gmt":"2025-05-23T22:48:25","guid":{"rendered":"https:\/\/avana-agency.com\/immobilienbesitzer\/"},"modified":"2025-07-24T19:57:26","modified_gmt":"2025-07-24T18:57:26","slug":"immobilienbesitzer","status":"publish","type":"page","link":"https:\/\/avana-agency.com\/de\/immobilienbesitzer\/","title":{"rendered":"Immobilienbesitzer"},"content":{"rendered":"\t\t<div data-elementor-type=\"wp-page\" data-elementor-id=\"59357\" class=\"elementor elementor-59357 elementor-49258\" data-elementor-post-type=\"page\">\n\t\t\t\t<div class=\"elementor-element elementor-element-1d74d4a e-flex e-con-boxed neuron-fixed-no e-con e-parent\" data-id=\"1d74d4a\" data-element_type=\"container\" data-e-type=\"container\" data-settings=\"{&quot;background_background&quot;:&quot;classic&quot;}\">\n\t\t\t\t\t<div class=\"e-con-inner\">\n\t\t<div class=\"elementor-element elementor-element-db642d4 e-con-full e-flex neuron-fixed-no e-con e-child\" data-id=\"db642d4\" data-element_type=\"container\" data-e-type=\"container\">\n\t\t\t\t<div class=\"elementor-element elementor-element-2419bad elementor-widget elementor-widget-heading\" data-id=\"2419bad\" data-element_type=\"widget\" data-e-type=\"widget\" data-widget_type=\"heading.default\">\n\t\t\t\t\t<h1 class=\"elementor-heading-title elementor-size-default\">Erz\u00e4hlen Sie uns mehr \u00fcber Ihre Immobilie<\/h1>\t\t\t\t<\/div>\n\t\t\t\t<\/div>\n\t\t\t\t\t<\/div>\n\t\t\t\t<\/div>\n\t\t<div class=\"elementor-element elementor-element-e6e9181 e-flex e-con-boxed neuron-fixed-no e-con e-child\" data-id=\"e6e9181\" data-element_type=\"container\" data-e-type=\"container\">\n\t\t\t\t\t<div class=\"e-con-inner\">\n\t\t<div class=\"elementor-element elementor-element-ede99be e-con-full e-flex neuron-fixed-no e-con e-child\" data-id=\"ede99be\" data-element_type=\"container\" data-e-type=\"container\">\n\t\t\t\t<div class=\"elementor-element elementor-element-5418aeb elementor-widget-mobile__width-auto elementor-view-default elementor-position-block-start elementor-mobile-position-block-start elementor-widget elementor-widget-icon-box\" data-id=\"5418aeb\" data-element_type=\"widget\" data-e-type=\"widget\" data-widget_type=\"icon-box.default\">\n\t\t\t\t\t\t\t<div class=\"elementor-icon-box-wrapper\">\n\n\t\t\t\t\t\t<div class=\"elementor-icon-box-icon\">\n\t\t\t\t<span  class=\"elementor-icon\">\n\t\t\t\t<svg aria-hidden=\"true\" class=\"e-font-icon-svg e-far-address-card\" viewBox=\"0 0 576 512\" xmlns=\"http:\/\/www.w3.org\/2000\/svg\"><path d=\"M528 32H48C21.5 32 0 53.5 0 80v352c0 26.5 21.5 48 48 48h480c26.5 0 48-21.5 48-48V80c0-26.5-21.5-48-48-48zm0 400H48V80h480v352zM208 256c35.3 0 64-28.7 64-64s-28.7-64-64-64-64 28.7-64 64 28.7 64 64 64zm-89.6 128h179.2c12.4 0 22.4-8.6 22.4-19.2v-19.2c0-31.8-30.1-57.6-67.2-57.6-10.8 0-18.7 8-44.8 8-26.9 0-33.4-8-44.8-8-37.1 0-67.2 25.8-67.2 57.6v19.2c0 10.6 10 19.2 22.4 19.2zM360 320h112c4.4 0 8-3.6 8-8v-16c0-4.4-3.6-8-8-8H360c-4.4 0-8 3.6-8 8v16c0 4.4 3.6 8 8 8zm0-64h112c4.4 0 8-3.6 8-8v-16c0-4.4-3.6-8-8-8H360c-4.4 0-8 3.6-8 8v16c0 4.4 3.6 8 8 8zm0-64h112c4.4 0 8-3.6 8-8v-16c0-4.4-3.6-8-8-8H360c-4.4 0-8 3.6-8 8v16c0 4.4 3.6 8 8 8z\"><\/path><\/svg>\t\t\t\t<\/span>\n\t\t\t<\/div>\n\t\t\t\n\t\t\t\t\t\t<div class=\"elementor-icon-box-content\">\n\n\t\t\t\t\t\t\t\t\t<h3 class=\"elementor-icon-box-title\">\n\t\t\t\t\t\t<span  >\n\t\t\t\t\t\t\tPremium-Kunden\t\t\t\t\t\t<\/span>\n\t\t\t\t\t<\/h3>\n\t\t\t\t\n\t\t\t\t\n\t\t\t<\/div>\n\t\t\t\n\t\t<\/div>\n\t\t\t\t\t\t<\/div>\n\t\t\t\t<\/div>\n\t\t<div class=\"elementor-element elementor-element-81e9067 e-con-full e-flex neuron-fixed-no e-con e-child\" data-id=\"81e9067\" data-element_type=\"container\" data-e-type=\"container\">\n\t\t\t\t<div class=\"elementor-element elementor-element-f4dae04 elementor-widget-mobile__width-auto elementor-view-default elementor-position-block-start elementor-mobile-position-block-start elementor-widget elementor-widget-icon-box\" data-id=\"f4dae04\" data-element_type=\"widget\" data-e-type=\"widget\" data-widget_type=\"icon-box.default\">\n\t\t\t\t\t\t\t<div class=\"elementor-icon-box-wrapper\">\n\n\t\t\t\t\t\t<div class=\"elementor-icon-box-icon\">\n\t\t\t\t<span  class=\"elementor-icon\">\n\t\t\t\t<svg aria-hidden=\"true\" class=\"e-font-icon-svg e-fab-battle-net\" viewBox=\"0 0 512 512\" xmlns=\"http:\/\/www.w3.org\/2000\/svg\"><path d=\"M448.61 225.62c26.87.18 35.57-7.43 38.92-12.37 12.47-16.32-7.06-47.6-52.85-71.33 17.76-33.58 30.11-63.68 36.34-85.3 3.38-11.83 1.09-19 .45-20.25-1.72 10.52-15.85 48.46-48.2 100.05-25-11.22-56.52-20.1-93.77-23.8-8.94-16.94-34.88-63.86-60.48-88.93C252.18 7.14 238.7 1.07 228.18.22h-.05c-13.83-1.55-22.67 5.85-27.4 11-17.2 18.53-24.33 48.87-25 84.07-7.24-12.35-17.17-24.63-28.5-25.93h-.18c-20.66-3.48-38.39 29.22-36 81.29-38.36 1.38-71 5.75-93 11.23-9.9 2.45-16.22 7.27-17.76 9.72 1-.38 22.4-9.22 111.56-9.22 5.22 53 29.75 101.82 26 93.19-9.73 15.4-38.24 62.36-47.31 97.7-5.87 22.88-4.37 37.61.15 47.14 5.57 12.75 16.41 16.72 23.2 18.26 25 5.71 55.38-3.63 86.7-21.14-7.53 12.84-13.9 28.51-9.06 39.34 7.31 19.65 44.49 18.66 88.44-9.45 20.18 32.18 40.07 57.94 55.7 74.12a39.79 39.79 0 0 0 8.75 7.09c5.14 3.21 8.58 3.37 8.58 3.37-8.24-6.75-34-38-62.54-91.78 22.22-16 45.65-38.87 67.47-69.27 122.82 4.6 143.29-24.76 148-31.64 14.67-19.88 3.43-57.44-57.32-93.69zm-77.85 106.22c23.81-37.71 30.34-67.77 29.45-92.33 27.86 17.57 47.18 37.58 49.06 58.83 1.14 12.93-8.1 29.12-78.51 33.5zM216.9 387.69c9.76-6.23 19.53-13.12 29.2-20.49 6.68 13.33 13.6 26.1 20.6 38.19-40.6 21.86-68.84 12.76-49.8-17.7zm215-171.35c-10.29-5.34-21.16-10.34-32.38-15.05a722.459 722.459 0 0 0 22.74-36.9c39.06 24.1 45.9 53.18 9.64 51.95zM279.18 398c-5.51-11.35-11-23.5-16.5-36.44 43.25 1.27 62.42-18.73 63.28-20.41 0 .07-25 15.64-62.53 12.25a718.78 718.78 0 0 0 85.06-84q13.06-15.31 24.93-31.11c-.36-.29-1.54-3-16.51-12-51.7 60.27-102.34 98-132.75 115.92-20.59-11.18-40.84-31.78-55.71-61.49-20-39.92-30-82.39-31.57-116.07 12.3.91 25.27 2.17 38.85 3.88-22.29 36.8-14.39 63-13.47 64.23 0-.07-.95-29.17 20.14-59.57a695.23 695.23 0 0 0 44.67 152.84c.93-.38 1.84.88 18.67-8.25-26.33-74.47-33.76-138.17-34-173.43 20-12.42 48.18-19.8 81.63-17.81 44.57 2.67 86.36 15.25 116.32 30.71q-10.69 15.66-23.33 32.47C365.63 152 339.1 145.84 337.5 146c.11 0 25.9 14.07 41.52 47.22a717.63 717.63 0 0 0-115.34-31.71 646.608 646.608 0 0 0-39.39-6.05c-.07.45-1.81 1.85-2.16 20.33C300 190.28 358.78 215.68 389.36 233c.74 23.55-6.95 51.61-25.41 79.57-24.6 37.31-56.39 67.23-84.77 85.43zm27.4-287c-44.56-1.66-73.58 7.43-94.69 20.67 2-52.3 21.31-76.38 38.21-75.28C267 52.15 305 108.55 306.58 111zm-130.65 3.1c.48 12.11 1.59 24.62 3.21 37.28-14.55-.85-28.74-1.25-42.4-1.26-.08 3.24-.12-51 24.67-49.59h.09c5.76 1.09 10.63 6.88 14.43 13.57zm-28.06 162c20.76 39.7 43.3 60.57 65.25 72.31-46.79 24.76-77.53 20-84.92 4.51-.2-.21-11.13-15.3 19.67-76.81zm210.06 74.8\"><\/path><\/svg>\t\t\t\t<\/span>\n\t\t\t<\/div>\n\t\t\t\n\t\t\t\t\t\t<div class=\"elementor-icon-box-content\">\n\n\t\t\t\t\t\t\t\t\t<h3 class=\"elementor-icon-box-title\">\n\t\t\t\t\t\t<span  >\n\t\t\t\t\t\t\tVertrauensw\u00fcrdiges Netzwerk\t\t\t\t\t\t<\/span>\n\t\t\t\t\t<\/h3>\n\t\t\t\t\n\t\t\t\t\n\t\t\t<\/div>\n\t\t\t\n\t\t<\/div>\n\t\t\t\t\t\t<\/div>\n\t\t\t\t<\/div>\n\t\t<div class=\"elementor-element elementor-element-253ee8a e-con-full e-flex neuron-fixed-no e-con e-child\" data-id=\"253ee8a\" data-element_type=\"container\" data-e-type=\"container\">\n\t\t\t\t<div class=\"elementor-element elementor-element-3dd59d2 elementor-widget-mobile__width-auto elementor-view-default elementor-position-block-start elementor-mobile-position-block-start elementor-widget elementor-widget-icon-box\" data-id=\"3dd59d2\" data-element_type=\"widget\" data-e-type=\"widget\" data-widget_type=\"icon-box.default\">\n\t\t\t\t\t\t\t<div class=\"elementor-icon-box-wrapper\">\n\n\t\t\t\t\t\t<div class=\"elementor-icon-box-icon\">\n\t\t\t\t<span  class=\"elementor-icon\">\n\t\t\t\t<svg aria-hidden=\"true\" class=\"e-font-icon-svg e-fas-receipt\" viewBox=\"0 0 384 512\" xmlns=\"http:\/\/www.w3.org\/2000\/svg\"><path d=\"M358.4 3.2L320 48 265.6 3.2a15.9 15.9 0 0 0-19.2 0L192 48 137.6 3.2a15.9 15.9 0 0 0-19.2 0L64 48 25.6 3.2C15-4.7 0 2.8 0 16v480c0 13.2 15 20.7 25.6 12.8L64 464l54.4 44.8a15.9 15.9 0 0 0 19.2 0L192 464l54.4 44.8a15.9 15.9 0 0 0 19.2 0L320 464l38.4 44.8c10.5 7.9 25.6.4 25.6-12.8V16c0-13.2-15-20.7-25.6-12.8zM320 360c0 4.4-3.6 8-8 8H72c-4.4 0-8-3.6-8-8v-16c0-4.4 3.6-8 8-8h240c4.4 0 8 3.6 8 8v16zm0-96c0 4.4-3.6 8-8 8H72c-4.4 0-8-3.6-8-8v-16c0-4.4 3.6-8 8-8h240c4.4 0 8 3.6 8 8v16zm0-96c0 4.4-3.6 8-8 8H72c-4.4 0-8-3.6-8-8v-16c0-4.4 3.6-8 8-8h240c4.4 0 8 3.6 8 8v16z\"><\/path><\/svg>\t\t\t\t<\/span>\n\t\t\t<\/div>\n\t\t\t\n\t\t\t\t\t\t<div class=\"elementor-icon-box-content\">\n\n\t\t\t\t\t\t\t\t\t<h3 class=\"elementor-icon-box-title\">\n\t\t\t\t\t\t<span  >\n\t\t\t\t\t\t\tM\u00fchelose Buchungen\t\t\t\t\t\t<\/span>\n\t\t\t\t\t<\/h3>\n\t\t\t\t\n\t\t\t\t\n\t\t\t<\/div>\n\t\t\t\n\t\t<\/div>\n\t\t\t\t\t\t<\/div>\n\t\t\t\t<\/div>\n\t\t\t\t\t<\/div>\n\t\t\t\t<\/div>\n\t\t<div class=\"elementor-element elementor-element-d32c360 e-flex e-con-boxed neuron-fixed-no e-con e-parent\" data-id=\"d32c360\" data-element_type=\"container\" data-e-type=\"container\">\n\t\t\t\t\t<div class=\"e-con-inner\">\n\t\t\t\t<div class=\"elementor-element elementor-element-f020afc elementor-widget-divider--view-line elementor-widget elementor-widget-divider\" data-id=\"f020afc\" data-element_type=\"widget\" data-e-type=\"widget\" data-widget_type=\"divider.default\">\n\t\t\t\t\t\t\t<div class=\"elementor-divider\">\n\t\t\t<span class=\"elementor-divider-separator\">\n\t\t\t\t\t\t<\/span>\n\t\t<\/div>\n\t\t\t\t\t\t<\/div>\n\t\t\t\t<div class=\"elementor-element elementor-element-9d81554 elementor-widget__width-initial elementor-widget elementor-widget-text-editor\" data-id=\"9d81554\" data-element_type=\"widget\" data-e-type=\"widget\" data-widget_type=\"text-editor.default\">\n\t\t\t\t\t\t\t\t\t<p style=\"text-align: center;\">Wir arbeiten mit Villenbesitzern, Restaurants, Beach Clubs, Hotels und anderen Veranstaltungsr\u00e4umen<\/p><p style=\"text-align: center;\">um sie \u00fcber unser etabliertes Netzwerk mit potenziellen Kunden zu verbinden.<\/p><p style=\"text-align: center;\">Unser Team k\u00fcmmert sich um Anfragen, Buchungen und Support, um die Zusammenarbeit unkompliziert zu gestalten. <\/p><p style=\"text-align: center;\">W\u00e4hlen Sie unten Ihren Immobilientyp aus, um Ihre Partnerschaft mit Avana Ibiza zu beginnen:<\/p>\t\t\t\t\t\t\t\t<\/div>\n\t\t\t\t\t<\/div>\n\t\t\t\t<\/div>\n\t\t<div class=\"elementor-element elementor-element-4ae8f437 e-con-full e-flex neuron-fixed-no e-con e-parent\" data-id=\"4ae8f437\" data-element_type=\"container\" data-e-type=\"container\">\n\t\t\t\t<div class=\"elementor-element elementor-element-702e84d1 elementor-widget__width-inherit elementor-widget elementor-widget-neuron-media-gallery\" data-id=\"702e84d1\" data-element_type=\"widget\" data-e-type=\"widget\" data-settings=\"{&quot;_animation_mobile&quot;:&quot;fadeInUp&quot;}\" data-widget_type=\"neuron-media-gallery.default\">\n\t\t\t\t<div class=\"elementor-widget-container\">\n\t\t\t\t\t\t\t<div class=\"l-posts-wrapper l-filters-holder l-posts-wrapper--meta-inside\" data-posts=\"702e84d1\">\r\n\t\t\t\t\t\t<div class=\"m-media-gallery m-media-gallery--meta-inside   \">\r\n\t\t\t\t<div class=\"owl-carousel owl-theme\" id=\"369a134ae3342ca859d9b322b6b607f1\" data-animation=\"h-fadeInNeuron\" data-wow=\"yes\">\r\n                    <div class=\"m-media-gallery__item wow h-fadeInNeuron \" >\r\n            <div class=\"o-neuron-hover o-neuron-hover--meta-inside o-neuron-hover--translate\">\r\n    <div class=\"o-neuron-hover-holder o-neuron-hover-holder--active\">\r\n        <div class=\"o-neuron-hover-holder__header\">\r\n            <div class=\"o-neuron-hover-holder__header__media\">\r\n                <div class=\"h-calculated-image\" style=\"padding-bottom: 78.125000% !important;\"><img fetchpriority=\"high\" decoding=\"async\" width=\"640\" height=\"500\" src=\"https:\/\/avana-agency.com\/wp-content\/uploads\/2025\/01\/Villa-Luna-25-640x500.webp\" class=\"attachment-bifrost_image_size_4 size-bifrost_image_size_4\" alt=\"beautiful bright villa with amazing pool\" \/><\/div>            <\/div>\r\n                            <div class=\"o-neuron-hover-holder__header__overlay\"><\/div>\r\n                    <\/div>\r\n        <div class=\"o-neuron-hover-holder__body d-flex justify-content-center align-items-center\">\r\n            <div class=\"o-neuron-hover-holder__body__inner\">\r\n                                    <div class=\"o-neuron-hover-holder__body-meta\">\r\n                                                    <h4 class=\"o-neuron-hover-holder__body-meta__title m-media-gallery__item--title\">Villas<\/h4>\r\n                                                                            <div class=\"o-neuron-hover-holder__body-meta__subtitle m-media-gallery__item--subtitle\"><span>Fincas, Appartments<\/span><\/div>\r\n                                                                        <div class=\"m-social-media o-neuron-hover-holder__body-meta__social-media\">\r\n                                                    <\/div>\r\n                    <\/div>\r\n                                <a title=\"Villas\" class=\"h-lightbox-link\" data-type=\"image\" href=https:\/\/avana-agency.com\/contact\/  ><\/a>            <\/div>\r\n        <\/div>\r\n    <\/div>\r\n<\/div>\r\n        <\/div>\r\n                    <div class=\"m-media-gallery__item wow h-fadeInNeuron \" data-wow-delay=0.2s>\r\n            <div class=\"o-neuron-hover o-neuron-hover--meta-inside o-neuron-hover--translate\">\r\n    <div class=\"o-neuron-hover-holder o-neuron-hover-holder--active\">\r\n        <div class=\"o-neuron-hover-holder__header\">\r\n            <div class=\"o-neuron-hover-holder__header__media\">\r\n                <div class=\"h-calculated-image\" style=\"padding-bottom: 78.125000% !important;\"><img decoding=\"async\" width=\"640\" height=\"500\" src=\"https:\/\/avana-agency.com\/wp-content\/uploads\/2024\/11\/event-location-ibiza-2-e1732849406744-640x500.jpg\" class=\"attachment-bifrost_image_size_4 size-bifrost_image_size_4\" alt=\"Event Location at the beach\" \/><\/div>            <\/div>\r\n                            <div class=\"o-neuron-hover-holder__header__overlay\"><\/div>\r\n                    <\/div>\r\n        <div class=\"o-neuron-hover-holder__body d-flex justify-content-center align-items-center\">\r\n            <div class=\"o-neuron-hover-holder__body__inner\">\r\n                                    <div class=\"o-neuron-hover-holder__body-meta\">\r\n                                                    <h4 class=\"o-neuron-hover-holder__body-meta__title m-media-gallery__item--title\">Restaurants<\/h4>\r\n                                                                            <div class=\"o-neuron-hover-holder__body-meta__subtitle m-media-gallery__item--subtitle\"><span>Beach Clubs<\/span><\/div>\r\n                                                                        <div class=\"m-social-media o-neuron-hover-holder__body-meta__social-media\">\r\n                                                    <\/div>\r\n                    <\/div>\r\n                                <a title=\"Restaurants\" class=\"h-lightbox-link\" data-type=\"image\" href=https:\/\/avana-agency.com\/events\/venues\/restaurants-beach-clubs\/join-our-portfolio\/  ><\/a>            <\/div>\r\n        <\/div>\r\n    <\/div>\r\n<\/div>\r\n        <\/div>\r\n                    <div class=\"m-media-gallery__item wow h-fadeInNeuron \" data-wow-delay=0.4s>\r\n            <div class=\"o-neuron-hover o-neuron-hover--meta-inside o-neuron-hover--translate\">\r\n    <div class=\"o-neuron-hover-holder o-neuron-hover-holder--active\">\r\n        <div class=\"o-neuron-hover-holder__header\">\r\n            <div class=\"o-neuron-hover-holder__header__media\">\r\n                <div class=\"h-calculated-image\" style=\"padding-bottom: 78.125000% !important;\"><img decoding=\"async\" width=\"640\" height=\"500\" src=\"https:\/\/avana-agency.com\/wp-content\/uploads\/2025\/02\/Ibiza-Luxury-Hotel-Booking-640x500.jpeg\" class=\"attachment-bifrost_image_size_4 size-bifrost_image_size_4\" alt=\"lighted pool with hotel in Ibiza in early night sky\" \/><\/div>            <\/div>\r\n                            <div class=\"o-neuron-hover-holder__header__overlay\"><\/div>\r\n                    <\/div>\r\n        <div class=\"o-neuron-hover-holder__body d-flex justify-content-center align-items-center\">\r\n            <div class=\"o-neuron-hover-holder__body__inner\">\r\n                                    <div class=\"o-neuron-hover-holder__body-meta\">\r\n                                                    <h4 class=\"o-neuron-hover-holder__body-meta__title m-media-gallery__item--title\">Hotels<\/h4>\r\n                                                                            <div class=\"o-neuron-hover-holder__body-meta__subtitle m-media-gallery__item--subtitle\"><span>Event Spaces<\/span><\/div>\r\n                                                                        <div class=\"m-social-media o-neuron-hover-holder__body-meta__social-media\">\r\n                                                    <\/div>\r\n                    <\/div>\r\n                                <a title=\"Hotels\" class=\"h-lightbox-link\" data-type=\"image\" href=https:\/\/avana-agency.com\/contact\/  ><\/a>            <\/div>\r\n        <\/div>\r\n    <\/div>\r\n<\/div>\r\n        <\/div>\r\n                    <div class=\"m-media-gallery__item wow h-fadeInNeuron \" >\r\n            <div class=\"o-neuron-hover o-neuron-hover--meta-inside o-neuron-hover--translate\">\r\n    <div class=\"o-neuron-hover-holder o-neuron-hover-holder--active\">\r\n        <div class=\"o-neuron-hover-holder__header\">\r\n            <div class=\"o-neuron-hover-holder__header__media\">\r\n                <div class=\"h-calculated-image\" style=\"padding-bottom: 78.125000% !important;\"><img loading=\"lazy\" decoding=\"async\" width=\"640\" height=\"500\" src=\"https:\/\/avana-agency.com\/wp-content\/uploads\/2024\/11\/Bora-Bora-Ibiza-2022-640x500.jpg\" class=\"attachment-bifrost_image_size_4 size-bifrost_image_size_4\" alt=\"Ibiza Party Crowd from the back at Authentic Ibiza\" \/><\/div>            <\/div>\r\n                            <div class=\"o-neuron-hover-holder__header__overlay\"><\/div>\r\n                    <\/div>\r\n        <div class=\"o-neuron-hover-holder__body d-flex justify-content-center align-items-center\">\r\n            <div class=\"o-neuron-hover-holder__body__inner\">\r\n                                    <div class=\"o-neuron-hover-holder__body-meta\">\r\n                                                    <h4 class=\"o-neuron-hover-holder__body-meta__title m-media-gallery__item--title\">Other Properties<\/h4>\r\n                                                                            <div class=\"o-neuron-hover-holder__body-meta__subtitle m-media-gallery__item--subtitle\"><span>Clubs, Bars, ...<\/span><\/div>\r\n                                                                        <div class=\"m-social-media o-neuron-hover-holder__body-meta__social-media\">\r\n                                                    <\/div>\r\n                    <\/div>\r\n                                <a title=\"Other Properties\" class=\"h-lightbox-link\" data-type=\"image\" href=https:\/\/avana-agency.com\/contact\/  ><\/a>            <\/div>\r\n        <\/div>\r\n    <\/div>\r\n<\/div>\r\n        <\/div>\r\n    <\/div>\r\n<script type=\"text\/javascript\">\r\n    jQuery(function ($) {\r\n        var owl = $('#369a134ae3342ca859d9b322b6b607f1');\r\n\r\n        owl.owlCarousel({\r\n            items: 1,\r\n            margin: 2,\r\n            autoHeight: false,\r\n            loop: true,\r\n            mouseDrag: true,\r\n            touchDrag: true,\r\n            stagePadding: 20,\r\n            startPosition: 0,\r\n            nav: true,\r\n            navText: [\r\n                '<svg xmlns=\"http:\/\/www.w3.org\/2000\/svg\" width=\"22\" height=\"22\" viewBox=\"0 0 24 24\" fill=\"none\" stroke=\"currentColor\" stroke-width=\"2\" stroke-linecap=\"round\" stroke-linejoin=\"round\" class=\"feather feather-arrow-left\"><line x1=\"19\" y1=\"12\" x2=\"5\" y2=\"12\"><\/line><polyline points=\"12 19 5 12 12 5\"><\/polyline><\/svg>',\r\n                '<svg xmlns=\"http:\/\/www.w3.org\/2000\/svg\" width=\"22\" height=\"22\" viewBox=\"0 0 24 24\" fill=\"none\" stroke=\"currentColor\" stroke-width=\"2\" stroke-linecap=\"round\" stroke-linejoin=\"round\" class=\"feather feather-arrow-right\"><line x1=\"5\" y1=\"12\" x2=\"19\" y2=\"12\"><\/line><polyline points=\"12 5 19 12 12 19\"><\/polyline><\/svg>'\r\n            ],\r\n            dots: false,\r\n            autoplay: false,\r\n            autoplayTimeout: 6000,\r\n            autoplayHoverPause: false,\r\n            smartSpeed: 550,\r\n            responsive:{\r\n                768:{\r\n                    items: 2,\r\n                    margin: 5,\r\n                    stagePadding: 0                },\r\n                992:{\r\n                    items: 3,\r\n                    margin: 5,\r\n                    stagePadding: 50                }\r\n            }\r\n        });\r\n    });\r\n<\/script>\t\t\t<\/div>\r\n        <\/div>\r\n        \t\t\t\t<\/div>\n\t\t\t\t<\/div>\n\t\t\t\t<div class=\"elementor-element elementor-element-d06c8b1 elementor-widget elementor-widget-spacer\" data-id=\"d06c8b1\" data-element_type=\"widget\" data-e-type=\"widget\" data-widget_type=\"spacer.default\">\n\t\t\t\t\t\t\t<div class=\"elementor-spacer\">\n\t\t\t<div class=\"elementor-spacer-inner\"><\/div>\n\t\t<\/div>\n\t\t\t\t\t\t<\/div>\n\t\t\t\t<\/div>\n\t\t\t\t<\/div>\n\t\t","protected":false},"excerpt":{"rendered":"<p>Erz\u00e4hlen Sie uns mehr \u00fcber Ihre Immobilie Premium-Kunden Vertrauensw\u00fcrdiges Netzwerk M\u00fchelose Buchungen Wir arbeiten mit Villenbesitzern, Restaurants, Beach&#8230;<\/p>\n","protected":false},"author":1,"featured_media":53173,"parent":0,"menu_order":20,"comment_status":"closed","ping_status":"closed","template":"","meta":{"_acf_changed":false,"nf_dc_page":"","footnotes":""},"class_list":["post-59357","page","type-page","status-publish","has-post-thumbnail","hentry"],"acf":[],"_links":{"self":[{"href":"https:\/\/avana-agency.com\/de\/wp-json\/wp\/v2\/pages\/59357","targetHints":{"allow":["GET"]}}],"collection":[{"href":"https:\/\/avana-agency.com\/de\/wp-json\/wp\/v2\/pages"}],"about":[{"href":"https:\/\/avana-agency.com\/de\/wp-json\/wp\/v2\/types\/page"}],"author":[{"embeddable":true,"href":"https:\/\/avana-agency.com\/de\/wp-json\/wp\/v2\/users\/1"}],"replies":[{"embeddable":true,"href":"https:\/\/avana-agency.com\/de\/wp-json\/wp\/v2\/comments?post=59357"}],"version-history":[{"count":6,"href":"https:\/\/avana-agency.com\/de\/wp-json\/wp\/v2\/pages\/59357\/revisions"}],"predecessor-version":[{"id":59571,"href":"https:\/\/avana-agency.com\/de\/wp-json\/wp\/v2\/pages\/59357\/revisions\/59571"}],"wp:featuredmedia":[{"embeddable":true,"href":"https:\/\/avana-agency.com\/de\/wp-json\/wp\/v2\/media\/53173"}],"wp:attachment":[{"href":"https:\/\/avana-agency.com\/de\/wp-json\/wp\/v2\/media?parent=59357"}],"curies":[{"name":"wp","href":"https:\/\/api.w.org\/{rel}","templated":true}]}}